{"id":943,"date":"2020-06-02T09:37:45","date_gmt":"2020-06-02T07:37:45","guid":{"rendered":"https:\/\/ninjaxperts.com\/?page_id=943"},"modified":"2020-06-02T09:37:46","modified_gmt":"2020-06-02T07:37:46","slug":"dein-ninjaxpert","status":"publish","type":"page","link":"https:\/\/ninjaxperts.com\/de\/dein-ninjaxpert\/","title":{"rendered":"Dein NinjaXpert"},"content":{"rendered":"\n<div class=\"wp-block-group alignfull is-layout-flow wp-block-group-is-layout-flow\"><div class=\"wp-block-group__inner-container\"><\/div><\/div>\n\n\n\n<div class=\"wp-block-jetpack-layout-grid column1-desktop-grid__span-5 column1-desktop-grid__row-1 column2-desktop-grid__span-6 column2-desktop-grid__start-6 column2-desktop-grid__row-1 column1-tablet-grid__span-3 column1-tablet-grid__row-1 column2-tablet-grid__span-5 column2-tablet-grid__start-4 column2-tablet-grid__row-1 column1-mobile-grid__span-4 column1-mobile-grid__row-1 column2-mobile-grid__span-4 column2-mobile-grid__row-2 wp-block-jetpack-layout-gutter__nowrap wp-block-jetpack-layout-gutter__medium\">\n<div class=\"wp-block-jetpack-layout-grid-column wp-block-jetpack-layout-grid__padding-none\">\n<div class=\"wp-block-jetpack-slideshow aligncenter is-style-circle-mask\" data-autoplay=\"true\" data-delay=\"3\" data-effect=\"slide\"><div class=\"wp-block-jetpack-slideshow_container swiper-container\"><ul class=\"wp-block-jetpack-slideshow_swiper-wrapper swiper-wrapper\"><li class=\"wp-block-jetpack-slideshow_slide swiper-slide\"><figure><img loading=\"lazy\" decoding=\"async\" width=\"512\" height=\"512\" alt=\"\" class=\"wp-block-jetpack-slideshow_image wp-image-855\" data-id=\"855\" src=\"https:\/\/ninjaxperts.com\/wp-content\/uploads\/2020\/06\/avatar-2.png\" srcset=\"https:\/\/ninjaxperts.com\/wp-content\/uploads\/2020\/06\/avatar-2.png 512w, https:\/\/ninjaxperts.com\/wp-content\/uploads\/2020\/06\/avatar-2-200x200.png 200w, https:\/\/ninjaxperts.com\/wp-content\/uploads\/2020\/06\/avatar-2-150x150.png 150w, https:\/\/ninjaxperts.com\/wp-content\/uploads\/2020\/06\/avatar-2-400x400.png 400w\" sizes=\"(max-width: 512px) 100vw, 512px\" \/><\/figure><\/li><li class=\"wp-block-jetpack-slideshow_slide swiper-slide\"><figure><img loading=\"lazy\" decoding=\"async\" width=\"3024\" height=\"4032\" alt=\"\" class=\"wp-block-jetpack-slideshow_image wp-image-330\" data-id=\"330\" src=\"https:\/\/ninjaxperts.com\/wp-content\/uploads\/2020\/05\/toilet-paper-hero.jpg\" srcset=\"https:\/\/ninjaxperts.com\/wp-content\/uploads\/2020\/05\/toilet-paper-hero.jpg 3024w, https:\/\/ninjaxperts.com\/wp-content\/uploads\/2020\/05\/toilet-paper-hero-800x1067.jpg 800w\" sizes=\"(max-width: 3024px) 100vw, 3024px\" \/><figcaption class=\"wp-block-jetpack-slideshow_caption gallery-caption\">This is how my twin boys see me &#8230;<\/figcaption><\/figure><\/li><\/ul><a class=\"wp-block-jetpack-slideshow_button-prev swiper-button-prev swiper-button-white\" role=\"button\"><\/a><a class=\"wp-block-jetpack-slideshow_button-next swiper-button-next swiper-button-white\" role=\"button\"><\/a><a aria-label=\"Pause Slideshow\" class=\"wp-block-jetpack-slideshow_button-pause\" role=\"button\"><\/a><div class=\"wp-block-jetpack-slideshow_pagination swiper-pagination swiper-pagination-white\"><\/div><\/div><\/div>\n<\/div>\n\n\n\n<div class=\"wp-block-jetpack-layout-grid-column wp-block-jetpack-layout-grid__padding-none\">\n<h2 class=\"wp-block-heading\">Hallo, ich hei\u00dfe Arno.<\/h2>\n\n\n\n<p>Ich bin als freiberuflicher Software-Entwickler t\u00e4tig (mit kurzen Phasen als Angestellter), seit ich 18 Jahre alt bin. Das macht insgesamt &#8230; \u00fcber 22 Jahre an Programmiererfahrung! (Meine G\u00fcte bin ich alt&#8230;.)<\/p>\n\n\n\n<p>Ich w\u00fcrde mich selbst einen L\u00f6sungsarchitekten nennen, der mit allen Ihm zur Verf\u00fcgung stehenden Sprachen eine L\u00f6sung f\u00fcr spezielle oder nicht so spezielle Situationen findet.<\/p>\n<\/div>\n<\/div>\n\n\n\n<div class=\"wp-block-jetpack-layout-grid column1-desktop-grid__span-1 column1-desktop-grid__row-1 column2-desktop-grid__span-11 column2-desktop-grid__start-2 column2-desktop-grid__row-1 column1-tablet-grid__span-3 column1-tablet-grid__row-1 column2-tablet-grid__span-5 column2-tablet-grid__start-4 column2-tablet-grid__row-1 column1-mobile-grid__span-4 column1-mobile-grid__row-1 column2-mobile-grid__span-4 column2-mobile-grid__row-2 wp-block-jetpack-layout-gutter__nowrap wp-block-jetpack-layout-gutter__medium\">\n<div class=\"wp-block-jetpack-layout-grid-column wp-block-jetpack-layout-grid__padding-none\"><\/div>\n\n\n\n<div class=\"wp-block-jetpack-layout-grid-column wp-block-jetpack-layout-grid__padding-none\">\n<p>Ich kann bei dem L\u00f6sungsansatz auf folgende &#8222;Sprachen&#8220; zur\u00fcckgreifen, um die bestm\u00f6glichste L\u00f6sung zu implementieren:<\/p>\n\n\n\n<ul><li>Ninjascript<\/li><li>C#<\/li><li>Java<\/li><li>Python<\/li><li>PHP<\/li><li>Javascript<\/li><li>SQL<\/li><li>NoSQL<\/li><li>Orderflow Footprint<\/li><li>Volume Profile<\/li><li>Imbalances<\/li><li>Absorptions<\/li><li>Deutsch<\/li><li>Englisch<\/li><li>Spanisch<\/li><\/ul>\n\n\n\n<p>Wenn du ein Projekt hast, \u00fcber das du gerne reden m\u00f6chtest, dann registriere dich bitte f\u00fcr ein Meeting mit mir:<\/p>\n\n\n\n<a href=\"https:\/\/calendly.com\/ninjaxperts\/30min\" class=\"wp-block-jetpack-calendly\">https:\/\/calendly.com\/ninjaxperts\/30min<\/a>\n<\/div>\n<\/div>\n\n\n\n<div class=\"wp-block-jetpack-layout-grid column1-desktop-grid__span-12 column1-desktop-grid__row-1 column1-tablet-grid__span-8 column1-tablet-grid__row-1 column1-mobile-grid__span-4 column1-mobile-grid__row-1\">\n<div class=\"wp-block-jetpack-layout-grid-column wp-block-jetpack-layout-grid__padding-none\"><\/div>\n<\/div>\n\n\n\n<p><\/p>\n","protected":false},"excerpt":{"rendered":"<p>Hallo, ich hei\u00dfe Arno. Ich bin als freiberuflicher Software-Entwickler t\u00e4tig (mit kurzen Phasen als Angestellter), seit ich 18 Jahre alt bin. Das macht insgesamt &#8230; \u00fcber 22 Jahre an Programmiererfahrung! (Meine G\u00fcte bin ich alt&#8230;.) Ich w\u00fcrde mich selbst einen L\u00f6sungsarchitekten nennen, der mit allen Ihm zur Verf\u00fcgung stehenden Sprachen eine L\u00f6sung f\u00fcr spezielle oder [&#8230;]<\/p>\n","protected":false},"author":5471620,"featured_media":0,"parent":0,"menu_order":0,"comment_status":"closed","ping_status":"closed","template":"","meta":{"footnotes":""},"amp_enabled":true,"_links":{"self":[{"href":"https:\/\/ninjaxperts.com\/de\/wp-json\/wp\/v2\/pages\/943"}],"collection":[{"href":"https:\/\/ninjaxperts.com\/de\/wp-json\/wp\/v2\/pages"}],"about":[{"href":"https:\/\/ninjaxperts.com\/de\/wp-json\/wp\/v2\/types\/page"}],"author":[{"embeddable":true,"href":"https:\/\/ninjaxperts.com\/de\/wp-json\/wp\/v2\/users\/5471620"}],"replies":[{"embeddable":true,"href":"https:\/\/ninjaxperts.com\/de\/wp-json\/wp\/v2\/comments?post=943"}],"version-history":[{"count":5,"href":"https:\/\/ninjaxperts.com\/de\/wp-json\/wp\/v2\/pages\/943\/revisions"}],"predecessor-version":[{"id":952,"href":"https:\/\/ninjaxperts.com\/de\/wp-json\/wp\/v2\/pages\/943\/revisions\/952"}],"wp:attachment":[{"href":"https:\/\/ninjaxperts.com\/de\/wp-json\/wp\/v2\/media?parent=943"}],"curies":[{"name":"wp","href":"https:\/\/api.w.org\/{rel}","templated":true}]}}